{"id":248,"date":"2024-06-25T16:44:26","date_gmt":"2024-06-25T16:44:26","guid":{"rendered":"https:\/\/a3qenerg.com\/about-us\/"},"modified":"2025-03-06T13:42:21","modified_gmt":"2025-03-06T13:42:21","slug":"about-us","status":"publish","type":"page","link":"https:\/\/a3qenerg.com\/ro\/about-us\/","title":{"rendered":"Despre noi"},"content":{"rendered":"<div data-elementor-type=\"wp-page\" data-elementor-id=\"248\" class=\"elementor elementor-248\">\n\t\t\t\t<div class=\"elementor-element elementor-element-203ac80 e-flex e-con-boxed e-con e-parent\" data-id=\"203ac80\" data-element_type=\"container\" data-settings=\"{&quot;background_background&quot;:&quot;classic&quot;}\">\n\t\t\t\t\t<div class=\"e-con-inner\">\n\t\t<div class=\"elementor-element elementor-element-10882c3 e-con-full e-flex e-con e-child\" data-id=\"10882c3\" data-element_type=\"container\">\n\t\t\t\t<div class=\"elementor-element elementor-element-5f902ed elementor-widget-mobile__width-inherit elementor-widget elementor-widget-heading\" data-id=\"5f902ed\" data-element_type=\"widget\" data-widget_type=\"heading.default\">\n\t\t\t\t<div class=\"elementor-widget-container\">\n\t\t\t<style>\/*! elementor - v3.22.0 - 24-06-2024 *\/\n.elementor-heading-title{padding:0;margin:0;line-height:1}.elementor-widget-heading .elementor-heading-title[class*=elementor-size-]>a{color:inherit;font-size:inherit;line-height:inherit}.elementor-widget-heading .elementor-heading-title.elementor-size-small{font-size:15px}.elementor-widget-heading .elementor-heading-title.elementor-size-medium{font-size:19px}.elementor-widget-heading .elementor-heading-title.elementor-size-large{font-size:29px}.elementor-widget-heading .elementor-heading-title.elementor-size-xl{font-size:39px}.elementor-widget-heading .elementor-heading-title.elementor-size-xxl{font-size:59px}<\/style><h1 class=\"elementor-heading-title elementor-size-default\">Despre noi<\/h1>\t\t<\/div>\n\t\t\t\t<\/div>\n\t\t\t\t<\/div>\n\t\t<div class=\"elementor-element elementor-element-5f9f3c2 e-con-full e-flex e-con e-child\" data-id=\"5f9f3c2\" data-element_type=\"container\">\n\t\t\t\t<div class=\"elementor-element elementor-element-a447854 elementor-widget elementor-widget-image\" data-id=\"a447854\" data-element_type=\"widget\" data-widget_type=\"image.default\">\n\t\t\t\t<div class=\"elementor-widget-container\">\n\t\t\t<style>\/*! elementor - v3.22.0 - 24-06-2024 *\/\n.elementor-widget-image{text-align:center}.elementor-widget-image a{display:inline-block}.elementor-widget-image a img[src$=\".svg\"]{width:48px}.elementor-widget-image img{vertical-align:middle;display:inline-block}<\/style>\t\t\t\t\t\t\t\t\t\t<img fetchpriority=\"high\" decoding=\"async\" width=\"1024\" height=\"681\" src=\"https:\/\/a3qenerg.com\/wp-content\/uploads\/2025\/03\/pexels-photo-2284169-2284169-1024x681.jpg\" class=\"attachment-large size-large wp-image-526\" alt=\"pexels-photo-2284169-2284169.jpg\" srcset=\"https:\/\/a3qenerg.com\/wp-content\/uploads\/2025\/03\/pexels-photo-2284169-2284169-1024x681.jpg 1024w, https:\/\/a3qenerg.com\/wp-content\/uploads\/2025\/03\/pexels-photo-2284169-2284169-300x199.jpg 300w, https:\/\/a3qenerg.com\/wp-content\/uploads\/2025\/03\/pexels-photo-2284169-2284169-768x511.jpg 768w, https:\/\/a3qenerg.com\/wp-content\/uploads\/2025\/03\/pexels-photo-2284169-2284169-18x12.jpg 18w, https:\/\/a3qenerg.com\/wp-content\/uploads\/2025\/03\/pexels-photo-2284169-2284169.jpg 1280w\" sizes=\"(max-width: 1024px) 100vw, 1024px\" \/>\t\t\t\t\t\t\t\t\t\t\t\t\t<\/div>\n\t\t\t\t<\/div>\n\t\t\t\t<\/div>\n\t\t\t\t\t<\/div>\n\t\t\t\t<\/div>\n\t\t<div class=\"elementor-element elementor-element-6ca26a4 e-flex e-con-boxed e-con e-parent\" data-id=\"6ca26a4\" data-element_type=\"container\" data-settings=\"{&quot;background_background&quot;:&quot;classic&quot;}\">\n\t\t\t\t\t<div class=\"e-con-inner\">\n\t\t<div class=\"elementor-element elementor-element-46d74cb e-flex e-con-boxed e-con e-child\" data-id=\"46d74cb\" data-element_type=\"container\">\n\t\t\t\t\t<div class=\"e-con-inner\">\n\t\t\t\t<div class=\"elementor-element elementor-element-f5b5dfb elementor-widget elementor-widget-heading\" data-id=\"f5b5dfb\" data-element_type=\"widget\" data-widget_type=\"heading.default\">\n\t\t\t\t<div class=\"elementor-widget-container\">\n\t\t\t<h2 class=\"elementor-heading-title elementor-size-default\">Sprijin pentru excelen\u021b\u0103 \u0219i mentorat pentru campioni!<\/h2>\t\t<\/div>\n\t\t\t\t<\/div>\n\t\t<div class=\"elementor-element elementor-element-36d454a e-flex e-con-boxed e-con e-child\" data-id=\"36d454a\" data-element_type=\"container\">\n\t\t\t\t\t<div class=\"e-con-inner\">\n\t\t<div class=\"elementor-element elementor-element-196fed1 e-con-full e-flex e-con e-child\" data-id=\"196fed1\" data-element_type=\"container\">\n\t\t\t\t<div class=\"elementor-element elementor-element-7286310 elementor-widget__width-initial elementor-widget-mobile__width-inherit elementor-vertical-align-top elementor-widget elementor-widget-image-box\" data-id=\"7286310\" data-element_type=\"widget\" data-widget_type=\"image-box.default\">\n\t\t\t\t<div class=\"elementor-widget-container\">\n\t\t\t<style>\/*! elementor - v3.22.0 - 24-06-2024 *\/\n.elementor-widget-image-box .elementor-image-box-content{width:100%}@media (min-width:768px){.elementor-widget-image-box.elementor-position-left .elementor-image-box-wrapper,.elementor-widget-image-box.elementor-position-right .elementor-image-box-wrapper{display:flex}.elementor-widget-image-box.elementor-position-right .elementor-image-box-wrapper{text-align:end;flex-direction:row-reverse}.elementor-widget-image-box.elementor-position-left .elementor-image-box-wrapper{text-align:start;flex-direction:row}.elementor-widget-image-box.elementor-position-top .elementor-image-box-img{margin:auto}.elementor-widget-image-box.elementor-vertical-align-top .elementor-image-box-wrapper{align-items:flex-start}.elementor-widget-image-box.elementor-vertical-align-middle .elementor-image-box-wrapper{align-items:center}.elementor-widget-image-box.elementor-vertical-align-bottom .elementor-image-box-wrapper{align-items:flex-end}}@media (max-width:767px){.elementor-widget-image-box .elementor-image-box-img{margin-left:auto!important;margin-right:auto!important;margin-bottom:15px}}.elementor-widget-image-box .elementor-image-box-img{display:inline-block}.elementor-widget-image-box .elementor-image-box-title a{color:inherit}.elementor-widget-image-box .elementor-image-box-wrapper{text-align:center}.elementor-widget-image-box .elementor-image-box-description{margin:0}<\/style><div class=\"elementor-image-box-wrapper\"><div class=\"elementor-image-box-content\"><h3 class=\"elementor-image-box-title\">Misiune.<\/h3><p class=\"elementor-image-box-description\">Oferind \u00eenapoi societ\u0103\u021bilor noastre know-how-ul acumulat \u0219i experimentat, fiind parte a unei societ\u0103\u021bi mai educate \u0219i mai preg\u0103tite pentru provoc\u0103rile existente \u0219i viitoare!<\/p><\/div><\/div>\t\t<\/div>\n\t\t\t\t<\/div>\n\t\t\t\t<div class=\"elementor-element elementor-element-47c0e46 elementor-widget__width-initial elementor-widget-mobile__width-inherit elementor-vertical-align-top elementor-widget elementor-widget-image-box\" data-id=\"47c0e46\" data-element_type=\"widget\" data-widget_type=\"image-box.default\">\n\t\t\t\t<div class=\"elementor-widget-container\">\n\t\t\t<div class=\"elementor-image-box-wrapper\"><div class=\"elementor-image-box-content\"><h3 class=\"elementor-image-box-title\">Viziune.<\/h3><p class=\"elementor-image-box-description\">S\u0103 tr\u0103im \u00eentr-o lume durabil\u0103, rezistent\u0103, mai pu\u021bin anxioas\u0103, mai cooperant\u0103 \u0219i mai echitabil\u0103!<\/p><\/div><\/div>\t\t<\/div>\n\t\t\t\t<\/div>\n\t\t\t\t<\/div>\n\t\t<div class=\"elementor-element elementor-element-0760d69 e-con-full e-flex e-con e-child\" data-id=\"0760d69\" data-element_type=\"container\">\n\t\t\t\t<div class=\"elementor-element elementor-element-0142d16 elementor-vertical-align-top elementor-widget elementor-widget-image-box\" data-id=\"0142d16\" data-element_type=\"widget\" data-widget_type=\"image-box.default\">\n\t\t\t\t<div class=\"elementor-widget-container\">\n\t\t\t<div class=\"elementor-image-box-wrapper\"><div class=\"elementor-image-box-content\"><h3 class=\"elementor-image-box-title\">Noi credem \u00een c\u0103l\u0103toria spre excelen\u021b\u0103 prin \u00eenv\u0103\u021bare \u0219i distrac\u021bie!<\/h3><p class=\"elementor-image-box-description\">Ideea a fost de a da \u00eenapoi c\u00e2t mai mult posibil din \u00eenv\u0103\u021b\u0103mintele primite de la societ\u0103\u021bile \u00een care tr\u0103im.Suntem capabili s\u0103 activ\u0103m o mul\u021bime de speciali\u0219ti din aceast\u0103 parte a Europei pentru a oferi sprijin, pentru a inspira noi idei, pentru a spori punctele forte ascunse ale clien\u021bilor no\u0219tri \u0219i pentru a atinge \u00eempreun\u0103 obiectivele de performan\u021b\u0103 mai bun\u0103, mai pu\u021bin\u0103 energie, timp \u0219i bunuri irosite \u0219i o stare de spirit mai bun\u0103 pentru to\u021bi participan\u021bii.Distrac\u021bia \u0219i bucuria sunt o condi\u021bie prealabil\u0103 pentru munca noastr\u0103 comun\u0103, \u00een fiecare dintre serviciile noastre furnizate.<\/p><\/div><\/div>\t\t<\/div>\n\t\t\t\t<\/div>\n\t\t\t\t<\/div>\n\t\t\t\t\t<\/div>\n\t\t\t\t<\/div>\n\t\t\t\t\t<\/div>\n\t\t\t\t<\/div>\n\t\t\t\t\t<\/div>\n\t\t\t\t<\/div>\n\t\t<div class=\"elementor-element elementor-element-a74f808 e-flex e-con-boxed e-con e-parent\" data-id=\"a74f808\" data-element_type=\"container\" data-settings=\"{&quot;background_background&quot;:&quot;classic&quot;}\">\n\t\t\t\t\t<div class=\"e-con-inner\">\n\t\t<div class=\"elementor-element elementor-element-eab06af e-con-full e-flex e-con e-child\" data-id=\"eab06af\" data-element_type=\"container\">\n\t\t\t\t<div class=\"elementor-element elementor-element-2bbb3ac elementor-widget elementor-widget-heading\" data-id=\"2bbb3ac\" data-element_type=\"widget\" data-widget_type=\"heading.default\">\n\t\t\t\t<div class=\"elementor-widget-container\">\n\t\t\t<h2 class=\"elementor-heading-title elementor-size-default\">Cine sunt eu?<\/h2>\t\t<\/div>\n\t\t\t\t<\/div>\n\t\t<div class=\"elementor-element elementor-element-190711b e-flex e-con-boxed e-con e-child\" data-id=\"190711b\" data-element_type=\"container\">\n\t\t\t\t\t<div class=\"e-con-inner\">\n\t\t<div class=\"elementor-element elementor-element-1a754e5 e-con-full e-flex e-con e-child\" data-id=\"1a754e5\" data-element_type=\"container\">\n\t\t\t\t<div class=\"elementor-element elementor-element-d5c8686 elementor-widget elementor-widget-image\" data-id=\"d5c8686\" data-element_type=\"widget\" data-widget_type=\"image.default\">\n\t\t\t\t<div class=\"elementor-widget-container\">\n\t\t\t\t\t\t\t\t\t\t\t\t\t<img decoding=\"async\" width=\"918\" height=\"945\" src=\"https:\/\/a3qenerg.com\/wp-content\/uploads\/2024\/06\/CsulakF0913.jpg\" class=\"attachment-large size-large wp-image-370\" alt=\"\" srcset=\"https:\/\/a3qenerg.com\/wp-content\/uploads\/2024\/06\/CsulakF0913.jpg 918w, https:\/\/a3qenerg.com\/wp-content\/uploads\/2024\/06\/CsulakF0913-291x300.jpg 291w, https:\/\/a3qenerg.com\/wp-content\/uploads\/2024\/06\/CsulakF0913-768x791.jpg 768w, https:\/\/a3qenerg.com\/wp-content\/uploads\/2024\/06\/CsulakF0913-12x12.jpg 12w\" sizes=\"(max-width: 918px) 100vw, 918px\" \/>\t\t\t\t\t\t\t\t\t\t\t\t\t<\/div>\n\t\t\t\t<\/div>\n\t\t\t\t<\/div>\n\t\t<div class=\"elementor-element elementor-element-a883743 e-con-full e-flex e-con e-child\" data-id=\"a883743\" data-element_type=\"container\">\n\t\t\t\t<div class=\"elementor-element elementor-element-a702adb elementor-widget elementor-widget-heading\" data-id=\"a702adb\" data-element_type=\"widget\" data-widget_type=\"heading.default\">\n\t\t\t\t<div class=\"elementor-widget-container\">\n\t\t\t<h4 class=\"elementor-heading-title elementor-size-default\">Ferenc Csulak<\/h4>\t\t<\/div>\n\t\t\t\t<\/div>\n\t\t\t\t<div class=\"elementor-element elementor-element-b66f2f8 elementor-widget elementor-widget-heading\" data-id=\"b66f2f8\" data-element_type=\"widget\" data-widget_type=\"heading.default\">\n\t\t\t\t<div class=\"elementor-widget-container\">\n\t\t\t<h6 class=\"elementor-heading-title elementor-size-default\">Fondator \/ CEO<\/h6>\t\t<\/div>\n\t\t\t\t<\/div>\n\t\t\t\t<div class=\"elementor-element elementor-element-5c1c9a9 elementor-widget elementor-widget-text-editor\" data-id=\"5c1c9a9\" data-element_type=\"widget\" data-widget_type=\"text-editor.default\">\n\t\t\t\t<div class=\"elementor-widget-container\">\n\t\t\t<style>\/*! elementor - v3.22.0 - 24-06-2024 *\/\n.elementor-widget-text-editor.elementor-drop-cap-view-stacked .elementor-drop-cap{background-color:#69727d;color:#fff}.elementor-widget-text-editor.elementor-drop-cap-view-framed .elementor-drop-cap{color:#69727d;border:3px solid;background-color:transparent}.elementor-widget-text-editor:not(.elementor-drop-cap-view-default) .elementor-drop-cap{margin-top:8px}.elementor-widget-text-editor:not(.elementor-drop-cap-view-default) .elementor-drop-cap-letter{width:1em;height:1em}.elementor-widget-text-editor .elementor-drop-cap{float:left;text-align:center;line-height:1;font-size:50px}.elementor-widget-text-editor .elementor-drop-cap-letter{display:inline-block}<\/style>\t\t\t\t<p><span aria-hidden=\"true\">Ofi\u021ber executiv cu experien\u021b\u0103, cu o vechime demonstrat\u0103 \u00een industria utilit\u0103\u021bilor.Experien\u021b\u0103 \u00eendelungat\u0103 pe pie\u021bele europene de energie, gaze \u0219i energie, \u00een special \u00een Europa de Est, HSE, ESG. Competen\u021be \u00een leadership, performan\u021b\u0103 \u00een afaceri, management general, mentorat,\u00a0<\/span><\/p>\t\t\t\t\t\t<\/div>\n\t\t\t\t<\/div>\n\t\t\t\t<div class=\"elementor-element elementor-element-b3f7dfd elementor-position-left elementor-vertical-align-top elementor-widget elementor-widget-image-box\" data-id=\"b3f7dfd\" data-element_type=\"widget\" data-widget_type=\"image-box.default\">\n\t\t\t\t<div class=\"elementor-widget-container\">\n\t\t\t<div class=\"elementor-image-box-wrapper\"><figure class=\"elementor-image-box-img\"><img decoding=\"async\" width=\"150\" height=\"150\" src=\"https:\/\/a3qenerg.com\/wp-content\/uploads\/2025\/03\/admin-ajax-150x150.png\" class=\"attachment-thumbnail size-thumbnail wp-image-511\" alt=\"\" srcset=\"https:\/\/a3qenerg.com\/wp-content\/uploads\/2025\/03\/admin-ajax-150x150.png 150w, https:\/\/a3qenerg.com\/wp-content\/uploads\/2025\/03\/admin-ajax-300x300.png 300w, https:\/\/a3qenerg.com\/wp-content\/uploads\/2025\/03\/admin-ajax-12x12.png 12w, https:\/\/a3qenerg.com\/wp-content\/uploads\/2025\/03\/admin-ajax.png 512w\" sizes=\"(max-width: 150px) 100vw, 150px\" \/><\/figure><div class=\"elementor-image-box-content\"><h3 class=\"elementor-image-box-title\">Director general<\/h3><p class=\"elementor-image-box-description\">Re\u021bea Delgaz\n<br>\nApr 2022 - \u00een prezent<\/p><\/div><\/div>\t\t<\/div>\n\t\t\t\t<\/div>\n\t\t\t\t<div class=\"elementor-element elementor-element-80a74dd elementor-position-left elementor-vertical-align-top elementor-widget elementor-widget-image-box\" data-id=\"80a74dd\" data-element_type=\"widget\" data-widget_type=\"image-box.default\">\n\t\t\t\t<div class=\"elementor-widget-container\">\n\t\t\t<div class=\"elementor-image-box-wrapper\"><figure class=\"elementor-image-box-img\"><img loading=\"lazy\" decoding=\"async\" width=\"150\" height=\"150\" src=\"https:\/\/a3qenerg.com\/wp-content\/uploads\/2025\/03\/images-1-150x150.png\" class=\"attachment-thumbnail size-thumbnail wp-image-510\" alt=\"\" srcset=\"https:\/\/a3qenerg.com\/wp-content\/uploads\/2025\/03\/images-1-150x150.png 150w, https:\/\/a3qenerg.com\/wp-content\/uploads\/2025\/03\/images-1-12x12.png 12w, https:\/\/a3qenerg.com\/wp-content\/uploads\/2025\/03\/images-1.png 225w\" sizes=\"(max-width: 150px) 100vw, 150px\" \/><\/figure><div class=\"elementor-image-box-content\"><h3 class=\"elementor-image-box-title\">CEO<\/h3><p class=\"elementor-image-box-description\">Re\u021bea Delgaz\n<br>\nOct 2017 - Apr 2022 4 ani 7 mos<\/p><\/div><\/div>\t\t<\/div>\n\t\t\t\t<\/div>\n\t\t\t\t<div class=\"elementor-element elementor-element-6f4f4d4 elementor-position-left elementor-vertical-align-top elementor-widget elementor-widget-image-box\" data-id=\"6f4f4d4\" data-element_type=\"widget\" data-widget_type=\"image-box.default\">\n\t\t\t\t<div class=\"elementor-widget-container\">\n\t\t\t<div class=\"elementor-image-box-wrapper\"><figure class=\"elementor-image-box-img\"><img loading=\"lazy\" decoding=\"async\" width=\"150\" height=\"150\" src=\"https:\/\/a3qenerg.com\/wp-content\/uploads\/2025\/03\/Design-ohne-Titel-72-150x150.png\" class=\"attachment-thumbnail size-thumbnail wp-image-508\" alt=\"\" srcset=\"https:\/\/a3qenerg.com\/wp-content\/uploads\/2025\/03\/Design-ohne-Titel-72-150x150.png 150w, https:\/\/a3qenerg.com\/wp-content\/uploads\/2025\/03\/Design-ohne-Titel-72-300x300.png 300w, https:\/\/a3qenerg.com\/wp-content\/uploads\/2025\/03\/Design-ohne-Titel-72-12x12.png 12w, https:\/\/a3qenerg.com\/wp-content\/uploads\/2025\/03\/Design-ohne-Titel-72.png 600w\" sizes=\"(max-width: 150px) 100vw, 150px\" \/><\/figure><div class=\"elementor-image-box-content\"><h3 class=\"elementor-image-box-title\">CEO<\/h3><p class=\"elementor-image-box-description\">E.ON Hung\u00e1ria Zrt. <br> Ianuarie 2015 - Octombrie 2017 - 2 ani 10 luni<\/p><\/div><\/div>\t\t<\/div>\n\t\t\t\t<\/div>\n\t\t\t\t<div class=\"elementor-element elementor-element-61688ee elementor-position-left elementor-vertical-align-top elementor-widget elementor-widget-image-box\" data-id=\"61688ee\" data-element_type=\"widget\" data-widget_type=\"image-box.default\">\n\t\t\t\t<div class=\"elementor-widget-container\">\n\t\t\t<div class=\"elementor-image-box-wrapper\"><figure class=\"elementor-image-box-img\"><img loading=\"lazy\" decoding=\"async\" width=\"150\" height=\"150\" src=\"https:\/\/a3qenerg.com\/wp-content\/uploads\/2025\/03\/Design-ohne-Titel-72-150x150.png\" class=\"attachment-thumbnail size-thumbnail wp-image-508\" alt=\"\" srcset=\"https:\/\/a3qenerg.com\/wp-content\/uploads\/2025\/03\/Design-ohne-Titel-72-150x150.png 150w, https:\/\/a3qenerg.com\/wp-content\/uploads\/2025\/03\/Design-ohne-Titel-72-300x300.png 300w, https:\/\/a3qenerg.com\/wp-content\/uploads\/2025\/03\/Design-ohne-Titel-72-12x12.png 12w, https:\/\/a3qenerg.com\/wp-content\/uploads\/2025\/03\/Design-ohne-Titel-72.png 600w\" sizes=\"(max-width: 150px) 100vw, 150px\" \/><\/figure><div class=\"elementor-image-box-content\"><h3 class=\"elementor-image-box-title\">CEO<\/h3><p class=\"elementor-image-box-description\">E.ON K\u00f6z\u00e9p-dun\u00e1nt\u00fali G\u00e1zh\u00e1l\u00f3zati ZRT <br>Ianuarie 2015 - Octombrie 2017 - 2 ani 10 luni<\/p><\/div><\/div>\t\t<\/div>\n\t\t\t\t<\/div>\n\t\t\t\t<div class=\"elementor-element elementor-element-c35903f elementor-position-left elementor-vertical-align-top elementor-widget elementor-widget-image-box\" data-id=\"c35903f\" data-element_type=\"widget\" data-widget_type=\"image-box.default\">\n\t\t\t\t<div class=\"elementor-widget-container\">\n\t\t\t<div class=\"elementor-image-box-wrapper\"><figure class=\"elementor-image-box-img\"><img loading=\"lazy\" decoding=\"async\" width=\"150\" height=\"150\" src=\"https:\/\/a3qenerg.com\/wp-content\/uploads\/2025\/03\/Design-ohne-Titel-72-150x150.png\" class=\"attachment-thumbnail size-thumbnail wp-image-508\" alt=\"\" srcset=\"https:\/\/a3qenerg.com\/wp-content\/uploads\/2025\/03\/Design-ohne-Titel-72-150x150.png 150w, https:\/\/a3qenerg.com\/wp-content\/uploads\/2025\/03\/Design-ohne-Titel-72-300x300.png 300w, https:\/\/a3qenerg.com\/wp-content\/uploads\/2025\/03\/Design-ohne-Titel-72-12x12.png 12w, https:\/\/a3qenerg.com\/wp-content\/uploads\/2025\/03\/Design-ohne-Titel-72.png 600w\" sizes=\"(max-width: 150px) 100vw, 150px\" \/><\/figure><div class=\"elementor-image-box-content\"><h3 class=\"elementor-image-box-title\">Director general adjunct<\/h3><p class=\"elementor-image-box-description\">E.ON Moldova<br>Dec 2004 - Mar 2008 - 3 ani \u0219i 4 luni<\/p><\/div><\/div>\t\t<\/div>\n\t\t\t\t<\/div>\n\t\t\t\t<div class=\"elementor-element elementor-element-2d34875 elementor-position-left elementor-vertical-align-top elementor-widget elementor-widget-image-box\" data-id=\"2d34875\" data-element_type=\"widget\" data-widget_type=\"image-box.default\">\n\t\t\t\t<div class=\"elementor-widget-container\">\n\t\t\t<div class=\"elementor-image-box-wrapper\"><figure class=\"elementor-image-box-img\"><img loading=\"lazy\" decoding=\"async\" width=\"150\" height=\"150\" src=\"https:\/\/a3qenerg.com\/wp-content\/uploads\/2025\/03\/Design-ohne-Titel-72-150x150.png\" class=\"attachment-thumbnail size-thumbnail wp-image-508\" alt=\"\" srcset=\"https:\/\/a3qenerg.com\/wp-content\/uploads\/2025\/03\/Design-ohne-Titel-72-150x150.png 150w, https:\/\/a3qenerg.com\/wp-content\/uploads\/2025\/03\/Design-ohne-Titel-72-300x300.png 300w, https:\/\/a3qenerg.com\/wp-content\/uploads\/2025\/03\/Design-ohne-Titel-72-12x12.png 12w, https:\/\/a3qenerg.com\/wp-content\/uploads\/2025\/03\/Design-ohne-Titel-72.png 600w\" sizes=\"(max-width: 150px) 100vw, 150px\" \/><\/figure><div class=\"elementor-image-box-content\"><h3 class=\"elementor-image-box-title\">Lider de departament<\/h3><p class=\"elementor-image-box-description\">\u00c9D\u00c1SZ RT<br>\nMartie 2001 - Noiembrie 2004 - 3 ani 9 luni<\/p><\/div><\/div>\t\t<\/div>\n\t\t\t\t<\/div>\n\t\t\t\t<\/div>\n\t\t\t\t\t<\/div>\n\t\t\t\t<\/div>\n\t\t\t\t<\/div>\n\t\t\t\t\t<\/div>\n\t\t\t\t<\/div>\n\t\t<div class=\"elementor-element elementor-element-c1ec072 e-flex e-con-boxed e-con e-parent\" data-id=\"c1ec072\" data-element_type=\"container\" data-settings=\"{&quot;background_background&quot;:&quot;classic&quot;}\">\n\t\t\t\t\t<div class=\"e-con-inner\">\n\t\t\t\t<div class=\"elementor-element elementor-element-99b4f1e elementor-widget elementor-widget-heading\" data-id=\"99b4f1e\" data-element_type=\"widget\" data-widget_type=\"heading.default\">\n\t\t\t\t<div class=\"elementor-widget-container\">\n\t\t\t<h2 class=\"elementor-heading-title elementor-size-default\">Dep\u0103\u0219e\u0219te-\u021bi obstacolele. Ob\u021bine\u021bi din serviciile noastre cele mai potrivite pentru dumneavoastr\u0103!<\/h2>\t\t<\/div>\n\t\t\t\t<\/div>\n\t\t\t\t\t<\/div>\n\t\t\t\t<\/div>\n\t\t\t\t<\/div>","protected":false},"excerpt":{"rendered":"<p>About Us Supporting for excellence and mentoring for Champions! Mission. Giving back to our societies the know-how gathered and experienced ,being part of more educated and prepared society for the existing and upcoming challenges ! Vision. Living in a sustainable, resilient less anxious more cooperative and fair world! We believe in the journey of excellence [&hellip;]<\/p>","protected":false},"author":2,"featured_media":0,"parent":0,"menu_order":0,"comment_status":"closed","ping_status":"closed","template":"","meta":{"site-sidebar-layout":"no-sidebar","site-content-layout":"page-builder","ast-site-content-layout":"","site-content-style":"default","site-sidebar-style":"default","ast-global-header-display":"","ast-banner-title-visibility":"","ast-main-header-display":"","ast-hfb-above-header-display":"","ast-hfb-below-header-display":"","ast-hfb-mobile-header-display":"","site-post-title":"disabled","ast-breadcrumbs-content":"","ast-featured-img":"disabled","footer-sml-layout":"","theme-transparent-header-meta":"default","adv-header-id-meta":"","stick-header-meta":"","header-above-stick-meta":"","header-main-stick-meta":"","header-below-stick-meta":"","astra-migrate-meta-layouts":"default","ast-page-background-enabled":"default","ast-page-background-meta":{"desktop":{"background-color":"","background-image":"","background-repeat":"repeat","background-position":"center center","background-size":"auto","background-attachment":"scroll","background-type":"","background-media":"","overlay-type":"","overlay-color":"","overlay-opacity":"","overlay-gradient":""},"tablet":{"background-color":"","background-image":"","background-repeat":"repeat","background-position":"center center","background-size":"auto","background-attachment":"scroll","background-type":"","background-media":"","overlay-type":"","overlay-color":"","overlay-opacity":"","overlay-gradient":""},"mobile":{"background-color":"","background-image":"","background-repeat":"repeat","background-position":"center center","background-size":"auto","background-attachment":"scroll","background-type":"","background-media":"","overlay-type":"","overlay-color":"","overlay-opacity":"","overlay-gradient":""}},"ast-content-background-meta":{"desktop":{"background-color":"var(--ast-global-color-5)","background-image":"","background-repeat":"repeat","background-position":"center center","background-size":"auto","background-attachment":"scroll","background-type":"","background-media":"","overlay-type":"","overlay-color":"","overlay-opacity":"","overlay-gradient":""},"tablet":{"background-color":"var(--ast-global-color-5)","background-image":"","background-repeat":"repeat","background-position":"center center","background-size":"auto","background-attachment":"scroll","background-type":"","background-media":"","overlay-type":"","overlay-color":"","overlay-opacity":"","overlay-gradient":""},"mobile":{"background-color":"var(--ast-global-color-5)","background-image":"","background-repeat":"repeat","background-position":"center center","background-size":"auto","background-attachment":"scroll","background-type":"","background-media":"","overlay-type":"","overlay-color":"","overlay-opacity":"","overlay-gradient":""}},"footnotes":""},"_links":{"self":[{"href":"https:\/\/a3qenerg.com\/ro\/wp-json\/wp\/v2\/pages\/248"}],"collection":[{"href":"https:\/\/a3qenerg.com\/ro\/wp-json\/wp\/v2\/pages"}],"about":[{"href":"https:\/\/a3qenerg.com\/ro\/wp-json\/wp\/v2\/types\/page"}],"author":[{"embeddable":true,"href":"https:\/\/a3qenerg.com\/ro\/wp-json\/wp\/v2\/users\/2"}],"replies":[{"embeddable":true,"href":"https:\/\/a3qenerg.com\/ro\/wp-json\/wp\/v2\/comments?post=248"}],"version-history":[{"count":36,"href":"https:\/\/a3qenerg.com\/ro\/wp-json\/wp\/v2\/pages\/248\/revisions"}],"predecessor-version":[{"id":550,"href":"https:\/\/a3qenerg.com\/ro\/wp-json\/wp\/v2\/pages\/248\/revisions\/550"}],"wp:attachment":[{"href":"https:\/\/a3qenerg.com\/ro\/wp-json\/wp\/v2\/media?parent=248"}],"curies":[{"name":"wp","href":"https:\/\/api.w.org\/{rel}","templated":true}]}}