{"id":247,"date":"2024-06-25T16:44:26","date_gmt":"2024-06-25T16:44:26","guid":{"rendered":"https:\/\/a3qenerg.com\/services\/"},"modified":"2025-03-06T13:32:23","modified_gmt":"2025-03-06T13:32:23","slug":"services","status":"publish","type":"page","link":"https:\/\/a3qenerg.com\/ro\/services\/","title":{"rendered":"Servicii"},"content":{"rendered":"<div data-elementor-type=\"wp-page\" data-elementor-id=\"247\" class=\"elementor elementor-247\">\n\t\t\t\t<div class=\"elementor-element elementor-element-e94f533 e-flex e-con-boxed e-con e-parent\" data-id=\"e94f533\" data-element_type=\"container\" data-settings=\"{&quot;background_background&quot;:&quot;classic&quot;}\">\n\t\t\t\t\t<div class=\"e-con-inner\">\n\t\t<div class=\"elementor-element elementor-element-dba8ee2 e-con-full e-flex e-con e-child\" data-id=\"dba8ee2\" data-element_type=\"container\">\n\t\t\t\t<div class=\"elementor-element elementor-element-2d53483 elementor-widget-mobile__width-inherit elementor-widget elementor-widget-heading\" data-id=\"2d53483\" data-element_type=\"widget\" data-widget_type=\"heading.default\">\n\t\t\t\t<div class=\"elementor-widget-container\">\n\t\t\t<style>\/*! elementor - v3.22.0 - 24-06-2024 *\/\n.elementor-heading-title{padding:0;margin:0;line-height:1}.elementor-widget-heading .elementor-heading-title[class*=elementor-size-]>a{color:inherit;font-size:inherit;line-height:inherit}.elementor-widget-heading .elementor-heading-title.elementor-size-small{font-size:15px}.elementor-widget-heading .elementor-heading-title.elementor-size-medium{font-size:19px}.elementor-widget-heading .elementor-heading-title.elementor-size-large{font-size:29px}.elementor-widget-heading .elementor-heading-title.elementor-size-xl{font-size:39px}.elementor-widget-heading .elementor-heading-title.elementor-size-xxl{font-size:59px}<\/style><h1 class=\"elementor-heading-title elementor-size-default\">Serviciile noastre<\/h1>\t\t<\/div>\n\t\t\t\t<\/div>\n\t\t\t\t<\/div>\n\t\t<div class=\"elementor-element elementor-element-a4a764a e-con-full e-flex e-con e-child\" data-id=\"a4a764a\" data-element_type=\"container\">\n\t\t\t\t<div class=\"elementor-element elementor-element-2ada834 elementor-widget elementor-widget-image\" data-id=\"2ada834\" data-element_type=\"widget\" data-widget_type=\"image.default\">\n\t\t\t\t<div class=\"elementor-widget-container\">\n\t\t\t<style>\/*! elementor - v3.22.0 - 24-06-2024 *\/\n.elementor-widget-image{text-align:center}.elementor-widget-image a{display:inline-block}.elementor-widget-image a img[src$=\".svg\"]{width:48px}.elementor-widget-image img{vertical-align:middle;display:inline-block}<\/style>\t\t\t\t\t\t\t\t\t\t<img fetchpriority=\"high\" decoding=\"async\" width=\"768\" height=\"512\" src=\"https:\/\/a3qenerg.com\/wp-content\/uploads\/2025\/03\/pexels-photo-7793691-7793691-768x512.jpg\" class=\"attachment-medium_large size-medium_large wp-image-537\" alt=\"pexels-photo-7793691-7793691.jpg\" srcset=\"https:\/\/a3qenerg.com\/wp-content\/uploads\/2025\/03\/pexels-photo-7793691-7793691-768x512.jpg 768w, https:\/\/a3qenerg.com\/wp-content\/uploads\/2025\/03\/pexels-photo-7793691-7793691-300x200.jpg 300w, https:\/\/a3qenerg.com\/wp-content\/uploads\/2025\/03\/pexels-photo-7793691-7793691-1024x682.jpg 1024w, https:\/\/a3qenerg.com\/wp-content\/uploads\/2025\/03\/pexels-photo-7793691-7793691-18x12.jpg 18w, https:\/\/a3qenerg.com\/wp-content\/uploads\/2025\/03\/pexels-photo-7793691-7793691.jpg 1280w\" sizes=\"(max-width: 768px) 100vw, 768px\" \/>\t\t\t\t\t\t\t\t\t\t\t\t\t<\/div>\n\t\t\t\t<\/div>\n\t\t\t\t<\/div>\n\t\t\t\t\t<\/div>\n\t\t\t\t<\/div>\n\t\t<div class=\"elementor-element elementor-element-52b525b e-flex e-con-boxed e-con e-parent\" data-id=\"52b525b\" data-element_type=\"container\" data-settings=\"{&quot;background_background&quot;:&quot;classic&quot;}\">\n\t\t\t\t\t<div class=\"e-con-inner\">\n\t\t<div class=\"elementor-element elementor-element-1ad8614 e-con-full e-flex e-con e-child\" data-id=\"1ad8614\" data-element_type=\"container\">\n\t\t\t\t<div class=\"elementor-element elementor-element-52c78a3 elementor-widget-mobile__width-inherit elementor-widget elementor-widget-heading\" data-id=\"52c78a3\" data-element_type=\"widget\" data-widget_type=\"heading.default\">\n\t\t\t\t<div class=\"elementor-widget-container\">\n\t\t\t<h2 class=\"elementor-heading-title elementor-size-default\">Cum v\u0103 putem ajuta?<\/h2>\t\t<\/div>\n\t\t\t\t<\/div>\n\t\t<div class=\"elementor-element elementor-element-01e7b49 e-flex e-con-boxed e-con e-child\" data-id=\"01e7b49\" data-element_type=\"container\">\n\t\t\t\t\t<div class=\"e-con-inner\">\n\t\t<div class=\"elementor-element elementor-element-dfbcbd1 e-con-full e-flex e-con e-child\" data-id=\"dfbcbd1\" data-element_type=\"container\">\n\t\t\t\t<div class=\"elementor-element elementor-element-bf5884c elementor-widget elementor-widget-heading\" data-id=\"bf5884c\" data-element_type=\"widget\" data-widget_type=\"heading.default\">\n\t\t\t\t<div class=\"elementor-widget-container\">\n\t\t\t<h4 class=\"elementor-heading-title elementor-size-default\">S\u0103 ne pl\u0103nuim drumul.\n<div><br><\/div><\/h4>\t\t<\/div>\n\t\t\t\t<\/div>\n\t\t\t\t<\/div>\n\t\t<div class=\"elementor-element elementor-element-0c8230d e-con-full e-flex e-con e-child\" data-id=\"0c8230d\" data-element_type=\"container\">\n\t\t\t\t<div class=\"elementor-element elementor-element-51f9cdc elementor-widget elementor-widget-text-editor\" data-id=\"51f9cdc\" data-element_type=\"widget\" data-widget_type=\"text-editor.default\">\n\t\t\t\t<div class=\"elementor-widget-container\">\n\t\t\t<style>\/*! elementor - v3.22.0 - 24-06-2024 *\/\n.elementor-widget-text-editor.elementor-drop-cap-view-stacked .elementor-drop-cap{background-color:#69727d;color:#fff}.elementor-widget-text-editor.elementor-drop-cap-view-framed .elementor-drop-cap{color:#69727d;border:3px solid;background-color:transparent}.elementor-widget-text-editor:not(.elementor-drop-cap-view-default) .elementor-drop-cap{margin-top:8px}.elementor-widget-text-editor:not(.elementor-drop-cap-view-default) .elementor-drop-cap-letter{width:1em;height:1em}.elementor-widget-text-editor .elementor-drop-cap{float:left;text-align:center;line-height:1;font-size:50px}.elementor-widget-text-editor .elementor-drop-cap-letter{display:inline-block}<\/style>\t\t\t\t<div class=\"elementor-element elementor-element-848ee3b elementor-widget__width-initial elementor-widget-tablet__width-initial elementor-widget-mobile__width-inherit elementor-vertical-align-top elementor-widget elementor-widget-image-box\" data-id=\"848ee3b\" data-element_type=\"widget\" data-widget_type=\"image-box.default\"><div class=\"elementor-widget-container\"><div class=\"elementor-image-box-wrapper\"><div class=\"elementor-image-box-content\"><p class=\"elementor-image-box-description\">Programul v\u0103 conduce printr-un proces de creare a unei foi de parcurs, pe baza declara\u021biilor de viziune \u0219i misiune, spre o claritate a obiectivelor \u0219i reperelor pe termen mediu \u0219i lung.Folosim expresia \"foaie de parcurs\" pentru a ne diferen\u021bia de \"strategia\" obi\u0219nuit\u0103, \u00een scopul de a descrie mai exact livr\u0103rile acestui produs.Exerci\u021biul \u00eencepe cu o serie de interviuri profunde personale, pentru a \u00een\u021belege starea actual\u0103 a companiei \u0219i cea dorit\u0103, precum \u0219i principalele diferen\u021be \u0219i obstacole. Oferim o foaie de parcurs complet\u0103 \u0219i cuprinz\u0103toare pentru urm\u0103torii ani, cel pu\u021bin \u00een trei scenarii diferite.<\/p><\/div><\/div><\/div><\/div>\t\t\t\t\t\t<\/div>\n\t\t\t\t<\/div>\n\t\t\t\t<\/div>\n\t\t\t\t\t<\/div>\n\t\t\t\t<\/div>\n\t\t<div class=\"elementor-element elementor-element-4f7fde2 e-flex e-con-boxed e-con e-child\" data-id=\"4f7fde2\" data-element_type=\"container\">\n\t\t\t\t\t<div class=\"e-con-inner\">\n\t\t<div class=\"elementor-element elementor-element-6790e6f e-con-full e-flex e-con e-child\" data-id=\"6790e6f\" data-element_type=\"container\">\n\t\t\t\t<div class=\"elementor-element elementor-element-f8c4a9a elementor-widget elementor-widget-heading\" data-id=\"f8c4a9a\" data-element_type=\"widget\" data-widget_type=\"heading.default\">\n\t\t\t\t<div class=\"elementor-widget-container\">\n\t\t\t<h4 class=\"elementor-heading-title elementor-size-default\">Mentorat<\/h4>\t\t<\/div>\n\t\t\t\t<\/div>\n\t\t\t\t<\/div>\n\t\t<div class=\"elementor-element elementor-element-025b1b3 e-con-full e-flex e-con e-child\" data-id=\"025b1b3\" data-element_type=\"container\">\n\t\t\t\t<div class=\"elementor-element elementor-element-768a871 elementor-widget elementor-widget-text-editor\" data-id=\"768a871\" data-element_type=\"widget\" data-widget_type=\"text-editor.default\">\n\t\t\t\t<div class=\"elementor-widget-container\">\n\t\t\t\t\t\t\t<div class=\"elementor-element elementor-element-c03d5d2 elementor-widget__width-initial elementor-widget-tablet__width-initial elementor-widget-mobile__width-inherit elementor-vertical-align-top elementor-widget elementor-widget-image-box\" data-id=\"c03d5d2\" data-element_type=\"widget\" data-widget_type=\"image-box.default\"><div class=\"elementor-widget-container\"><div class=\"elementor-image-box-wrapper\"><div class=\"elementor-image-box-content\"><p class=\"elementor-image-box-description\">Procesul de mentorat este dedicat \u00eencep\u0103torilor care doresc s\u0103 \u00ee\u0219i consolideze cariera \u0219i cuno\u0219tin\u021bele \u00een domenii specifice \u0219i \u00een managementul general, precum \u0219i managerilor de nivel mediu \u0219i superior cu experien\u021b\u0103, care v\u0103d oportunit\u0103\u021bi de \u00eembun\u0103t\u0103\u021bire a abilit\u0103\u021bilor \u0219i competen\u021belor lor.<\/p><p>Baza procesului este un acord bilateral, cu privire la regulile  care aplicate, viteza \u0219i frecven\u021ba reuniunilor \u0219i, \u00een principal, obiectivul care trebuie atins.<\/p><p>Procesul nu poate dura mai mult de 3 luni \u0219i mai pu\u021bin de 6 s\u0103pt\u0103m\u00e2ni.<\/p><\/div><\/div><\/div><\/div>\t\t\t\t\t\t<\/div>\n\t\t\t\t<\/div>\n\t\t\t\t<\/div>\n\t\t\t\t\t<\/div>\n\t\t\t\t<\/div>\n\t\t<div class=\"elementor-element elementor-element-5ef7b05 e-flex e-con-boxed e-con e-child\" data-id=\"5ef7b05\" data-element_type=\"container\">\n\t\t\t\t\t<div class=\"e-con-inner\">\n\t\t<div class=\"elementor-element elementor-element-51cd12f e-con-full e-flex e-con e-child\" data-id=\"51cd12f\" data-element_type=\"container\">\n\t\t\t\t<div class=\"elementor-element elementor-element-bc282b6 elementor-widget elementor-widget-heading\" data-id=\"bc282b6\" data-element_type=\"widget\" data-widget_type=\"heading.default\">\n\t\t\t\t<div class=\"elementor-widget-container\">\n\t\t\t<h4 class=\"elementor-heading-title elementor-size-default\">Conducerea pe  v\u00e2rf\n<\/h4>\t\t<\/div>\n\t\t\t\t<\/div>\n\t\t\t\t<\/div>\n\t\t<div class=\"elementor-element elementor-element-0de867c e-con-full e-flex e-con e-child\" data-id=\"0de867c\" data-element_type=\"container\">\n\t\t\t\t<div class=\"elementor-element elementor-element-26e5ef2 elementor-widget elementor-widget-text-editor\" data-id=\"26e5ef2\" data-element_type=\"widget\" data-widget_type=\"text-editor.default\">\n\t\t\t\t<div class=\"elementor-widget-container\">\n\t\t\t\t\t\t\t<div class=\"elementor-element elementor-element-2d00711 e-flex e-con-boxed e-con e-child\" data-id=\"2d00711\" data-element_type=\"container\"><div class=\"e-con-inner\"><div class=\"elementor-element elementor-element-3924d4f elementor-widget__width-initial elementor-widget-tablet__width-initial elementor-widget-mobile__width-inherit elementor-vertical-align-top elementor-widget elementor-widget-image-box\" data-id=\"3924d4f\" data-element_type=\"widget\" data-widget_type=\"image-box.default\"><div class=\"elementor-widget-container\"><div class=\"elementor-image-box-wrapper\"><div class=\"elementor-image-box-content\"><p class=\"elementor-image-box-description\">Un program destinat managerilor de nivel mediu \u0219i superior, care ofer\u0103 un nou set de instrumente \u0219i tehnici de management, pentru a le \u00eembun\u0103t\u0103\u021bi performan\u021ba \u0219i starea de spirit.<\/p><p>Procesul \u00eencepe cu o analiz\u0103 profund\u0103 a stilurilor \u0219i instrumentelor de conducere utilizate de participan\u021bi, \u0219i livreaz\u0103 \u00een final un set personalizat de instrumente \u0219i tehnici pentru fiecare participant \u00een parte.<\/p><p>Oferim \u0219i suport pentru faza de implementare, la cerere!<\/p><\/div><\/div><\/div><\/div><\/div><\/div>\t\t\t\t\t\t<\/div>\n\t\t\t\t<\/div>\n\t\t\t\t<\/div>\n\t\t\t\t\t<\/div>\n\t\t\t\t<\/div>\n\t\t<div class=\"elementor-element elementor-element-47602b4 e-con-full e-flex e-con e-child\" data-id=\"47602b4\" data-element_type=\"container\">\n\t\t<div class=\"elementor-element elementor-element-7c09c2a e-con-full e-flex e-con e-child\" data-id=\"7c09c2a\" data-element_type=\"container\">\n\t\t\t\t<div class=\"elementor-element elementor-element-45b8a8f elementor-widget elementor-widget-heading\" data-id=\"45b8a8f\" data-element_type=\"widget\" data-widget_type=\"heading.default\">\n\t\t\t\t<div class=\"elementor-widget-container\">\n\t\t\t<h4 class=\"elementor-heading-title elementor-size-default\">Genera\u021bii multiple \u00eentr-o companie\n<\/h4>\t\t<\/div>\n\t\t\t\t<\/div>\n\t\t\t\t<\/div>\n\t\t<div class=\"elementor-element elementor-element-7420949 e-con-full e-flex e-con e-child\" data-id=\"7420949\" data-element_type=\"container\">\n\t\t\t\t<div class=\"elementor-element elementor-element-8b42257 elementor-widget elementor-widget-text-editor\" data-id=\"8b42257\" data-element_type=\"widget\" data-widget_type=\"text-editor.default\">\n\t\t\t\t<div class=\"elementor-widget-container\">\n\t\t\t\t\t\t\t<div class=\"elementor-element elementor-element-e307b20 elementor-widget__width-initial elementor-widget-tablet__width-initial elementor-widget-mobile__width-inherit elementor-vertical-align-top elementor-widget elementor-widget-image-box\" data-id=\"e307b20\" data-element_type=\"widget\" data-widget_type=\"image-box.default\"><div class=\"elementor-widget-container\"><div class=\"elementor-image-box-wrapper\"><div class=\"elementor-image-box-content\"><p class=\"elementor-image-box-description\">\u00cen zilele noastre, noile genera\u021bii de  media\/tehnologice \u0219i nu numai biologice, deja sunt active pe pia\u021ba for\u021bei de munc\u0103. Prin urmare, de multe ori, \u00een cadrul unei companii, conducerea trebuie s\u0103 se ocupe de 3-4 genera\u021bii diferite, caracterizate prin diferen\u021be culturale \u0219i comportamentale semnificative. Programul ofer\u0103 un set de instrumente pentru \u00een\u021belegerea \u0219i gestionarea acestor diferen\u021be.<\/p><p>Oferim \u0219i suport pentru faza de implementare, la cerere!<\/p><\/div><\/div><\/div><\/div><div class=\"elementor-element elementor-element-1b59eaf elementor-widget__width-initial elementor-widget-tablet__width-initial elementor-widget-mobile__width-inherit elementor-vertical-align-top elementor-widget elementor-widget-image-box\" data-id=\"1b59eaf\" data-element_type=\"widget\" data-widget_type=\"image-box.default\"><div class=\"elementor-widget-container\"><div class=\"elementor-image-box-wrapper\"><div class=\"elementor-image-box-content\">\u00a0<\/div><\/div><\/div><\/div>\t\t\t\t\t\t<\/div>\n\t\t\t\t<\/div>\n\t\t\t\t<\/div>\n\t\t\t\t<\/div>\n\t\t<div class=\"elementor-element elementor-element-3a866cf e-con-full e-flex e-con e-child\" data-id=\"3a866cf\" data-element_type=\"container\">\n\t\t<div class=\"elementor-element elementor-element-3326b9c e-con-full e-flex e-con e-child\" data-id=\"3326b9c\" data-element_type=\"container\">\n\t\t\t\t<div class=\"elementor-element elementor-element-4acd9e8 elementor-widget elementor-widget-heading\" data-id=\"4acd9e8\" data-element_type=\"widget\" data-widget_type=\"heading.default\">\n\t\t\t\t<div class=\"elementor-widget-container\">\n\t\t\t<h4 class=\"elementor-heading-title elementor-size-default\">Lideri pentru siguran\u021b\u0103\n<\/h4>\t\t<\/div>\n\t\t\t\t<\/div>\n\t\t\t\t<\/div>\n\t\t<div class=\"elementor-element elementor-element-4504f07 e-con-full e-flex e-con e-child\" data-id=\"4504f07\" data-element_type=\"container\">\n\t\t\t\t<div class=\"elementor-element elementor-element-8957d10 elementor-widget elementor-widget-text-editor\" data-id=\"8957d10\" data-element_type=\"widget\" data-widget_type=\"text-editor.default\">\n\t\t\t\t<div class=\"elementor-widget-container\">\n\t\t\t\t\t\t\t<div class=\"elementor-element elementor-element-1b59eaf elementor-widget__width-initial elementor-widget-tablet__width-initial elementor-widget-mobile__width-inherit elementor-vertical-align-top elementor-widget elementor-widget-image-box\" data-id=\"1b59eaf\" data-element_type=\"widget\" data-widget_type=\"image-box.default\"><div class=\"elementor-widget-container\"><div class=\"elementor-image-box-wrapper\"><div class=\"elementor-image-box-content\"><p class=\"elementor-image-box-description\">Noile tendin\u021be globale de urbanizare \u0219i aten\u021bia sporit\u0103 acordat\u0103 lumii digitale duc la sc\u0103derea competen\u021belor profesionale, \u00een profesii cu competen\u021be necesare \u00een manipularea uneltelor manuale, unde robo\u021bii sau orice alt\u0103 solu\u021bie digital\u0103 nu este capabil\u0103 s\u0103 acopere nevoile profesiei.Num\u0103rul accidentelor grave este \u00een cre\u0219tere \u00een aceste industrii, provoc\u00e2nd managementul de v\u00e2rf \u0219i de mijloc!Acest program ofer\u0103 un sprijin pentru managementul operativ, mediu \u0219i de v\u00e2rf \u00een ceea ce prive\u0219te problemele de siguran\u021b\u0103 a muncii.<\/p><p>\u00cen timpul programului oferim o evaluare general\u0103 a companiei sau\/\u0219i a echipelor vizate de program din perspectiva HSE \u0219i un set de abilit\u0103\u021bi \u0219i instrumente de management, necesare \u00een acest proces.<\/p><\/div><\/div><\/div><\/div><div class=\"elementor-element elementor-element-926828d elementor-widget__width-initial elementor-widget-tablet__width-initial elementor-widget-mobile__width-inherit elementor-vertical-align-top elementor-widget elementor-widget-image-box\" data-id=\"926828d\" data-element_type=\"widget\" data-widget_type=\"image-box.default\"><div class=\"elementor-widget-container\"><div class=\"elementor-image-box-wrapper\"><div class=\"elementor-image-box-content\">\u00a0<\/div><\/div><\/div><\/div>\t\t\t\t\t\t<\/div>\n\t\t\t\t<\/div>\n\t\t\t\t<\/div>\n\t\t\t\t<\/div>\n\t\t<div class=\"elementor-element elementor-element-85321b0 e-con-full e-flex e-con e-child\" data-id=\"85321b0\" data-element_type=\"container\">\n\t\t<div class=\"elementor-element elementor-element-26e5cb4 e-con-full e-flex e-con e-child\" data-id=\"26e5cb4\" data-element_type=\"container\">\n\t\t\t\t<div class=\"elementor-element elementor-element-970e2c6 elementor-widget elementor-widget-heading\" data-id=\"970e2c6\" data-element_type=\"widget\" data-widget_type=\"heading.default\">\n\t\t\t\t<div class=\"elementor-widget-container\">\n\t\t\t<h4 class=\"elementor-heading-title elementor-size-default\">Mediul \u00eenconjur\u0103tor, responsabilitatea social\u0103  \u0219i guvernan\u021ba \u00een centrul aten\u021biei\n<\/h4>\t\t<\/div>\n\t\t\t\t<\/div>\n\t\t\t\t<\/div>\n\t\t<div class=\"elementor-element elementor-element-010adb6 e-con-full e-flex e-con e-child\" data-id=\"010adb6\" data-element_type=\"container\">\n\t\t\t\t<div class=\"elementor-element elementor-element-c14c6ca elementor-widget elementor-widget-text-editor\" data-id=\"c14c6ca\" data-element_type=\"widget\" data-widget_type=\"text-editor.default\">\n\t\t\t\t<div class=\"elementor-widget-container\">\n\t\t\t\t\t\t\t<div class=\"elementor-element elementor-element-86a2029 e-con-full e-flex e-con e-child\" data-id=\"86a2029\" data-element_type=\"container\"><div class=\"elementor-element elementor-element-926828d elementor-widget__width-initial elementor-widget-tablet__width-initial elementor-widget-mobile__width-inherit elementor-vertical-align-top elementor-widget elementor-widget-image-box\" data-id=\"926828d\" data-element_type=\"widget\" data-widget_type=\"image-box.default\"><div class=\"elementor-widget-container\"><div class=\"elementor-image-box-wrapper\"><div class=\"elementor-image-box-content\"><p class=\"elementor-image-box-description\">Nu numai din cauza cerin\u021belor legale publicate de Uniunea European\u0103, dar \u0219i nevoile de gestionare a schimb\u0103rilor climatice ,creeaz\u0103 o aten\u021bie special\u0103 pentru durabilitatea oric\u0103rui tip de industrie \u0219i afacere.Rezultatul programului este o strategie ESG \u0219i sprijin\u0103 implementarea \u00een diferite unit\u0103\u021bi\/niveluri ale companiei.De asemenea, furniz\u0103m un set de instrumente de m\u0103surare ,pentru a facilita urm\u0103rirea evolu\u021biei diferi\u021bilor  indicatori, care descriu statutul companiei \u00een acest domeniu specific.<\/p><\/div><\/div><\/div><\/div><\/div><div class=\"elementor-element elementor-element-d468945 elementor-align-left elementor-widget elementor-widget-button\" data-id=\"d468945\" data-element_type=\"widget\" data-widget_type=\"button.default\"><div class=\"elementor-widget-container\"><div class=\"elementor-button-wrapper\">\u00a0<\/div><\/div><\/div>\t\t\t\t\t\t<\/div>\n\t\t\t\t<\/div>\n\t\t\t\t<\/div>\n\t\t\t\t<\/div>\n\t\t\t\t<\/div>\n\t\t\t\t\t<\/div>\n\t\t\t\t<\/div>\n\t\t<div class=\"elementor-element elementor-element-32d3f64 e-flex e-con-boxed e-con e-child\" data-id=\"32d3f64\" data-element_type=\"container\" data-settings=\"{&quot;background_background&quot;:&quot;classic&quot;}\">\n\t\t\t\t\t<div class=\"e-con-inner\">\n\t\t\t\t<div class=\"elementor-element elementor-element-6786032 elementor-widget elementor-widget-heading\" data-id=\"6786032\" data-element_type=\"widget\" data-widget_type=\"heading.default\">\n\t\t\t\t<div class=\"elementor-widget-container\">\n\t\t\t<h2 class=\"elementor-heading-title elementor-size-default\">Dep\u0103\u0219e\u0219te-\u021bi obstacolele. Ob\u021bine\u021bi coaching de afaceri, ast\u0103zi!<\/h2>\t\t<\/div>\n\t\t\t\t<\/div>\n\t\t\t\t\t<\/div>\n\t\t\t\t<\/div>\n\t\t\t\t<\/div>","protected":false},"excerpt":{"rendered":"<p>Our Services How can we help you? Heading for a roadmap The program is leading you trough a process of creating a roadmap, based on your vision and mission statements ,towards a clarity in goals and milestones on mid- and longterm.We are using the expression \u201croadmap\u201d to differentiate from the usual \u201cstrategy\u201d in order to [\u2026]<\/p>","protected":false},"author":2,"featured_media":0,"parent":0,"menu_order":0,"comment_status":"closed","ping_status":"closed","template":"","meta":{"site-sidebar-layout":"no-sidebar","site-content-layout":"page-builder","ast-site-content-layout":"","site-content-style":"default","site-sidebar-style":"default","ast-global-header-display":"","ast-banner-title-visibility":"","ast-main-header-display":"","ast-hfb-above-header-display":"","ast-hfb-below-header-display":"","ast-hfb-mobile-header-display":"","site-post-title":"disabled","ast-breadcrumbs-content":"","ast-featured-img":"disabled","footer-sml-layout":"","theme-transparent-header-meta":"","adv-header-id-meta":"","stick-header-meta":"","header-above-stick-meta":"","header-main-stick-meta":"","header-below-stick-meta":"","astra-migrate-meta-layouts":"default","ast-page-background-enabled":"default","ast-page-background-meta":{"desktop":{"background-color":"","background-image":"","background-repeat":"repeat","background-position":"center center","background-size":"auto","background-attachment":"scroll","background-type":"","background-media":"","overlay-type":"","overlay-color":"","overlay-opacity":"","overlay-gradient":""},"tablet":{"background-color":"","background-image":"","background-repeat":"repeat","background-position":"center center","background-size":"auto","background-attachment":"scroll","background-type":"","background-media":"","overlay-type":"","overlay-color":"","overlay-opacity":"","overlay-gradient":""},"mobile":{"background-color":"","background-image":"","background-repeat":"repeat","background-position":"center center","background-size":"auto","background-attachment":"scroll","background-type":"","background-media":"","overlay-type":"","overlay-color":"","overlay-opacity":"","overlay-gradient":""}},"ast-content-background-meta":{"desktop":{"background-color":"var(--ast-global-color-5)","background-image":"","background-repeat":"repeat","background-position":"center center","background-size":"auto","background-attachment":"scroll","background-type":"","background-media":"","overlay-type":"","overlay-color":"","overlay-opacity":"","overlay-gradient":""},"tablet":{"background-color":"var(--ast-global-color-5)","background-image":"","background-repeat":"repeat","background-position":"center center","background-size":"auto","background-attachment":"scroll","background-type":"","background-media":"","overlay-type":"","overlay-color":"","overlay-opacity":"","overlay-gradient":""},"mobile":{"background-color":"var(--ast-global-color-5)","background-image":"","background-repeat":"repeat","background-position":"center center","background-size":"auto","background-attachment":"scroll","background-type":"","background-media":"","overlay-type":"","overlay-color":"","overlay-opacity":"","overlay-gradient":""}},"footnotes":""},"_links":{"self":[{"href":"https:\/\/a3qenerg.com\/ro\/wp-json\/wp\/v2\/pages\/247"}],"collection":[{"href":"https:\/\/a3qenerg.com\/ro\/wp-json\/wp\/v2\/pages"}],"about":[{"href":"https:\/\/a3qenerg.com\/ro\/wp-json\/wp\/v2\/types\/page"}],"author":[{"embeddable":true,"href":"https:\/\/a3qenerg.com\/ro\/wp-json\/wp\/v2\/users\/2"}],"replies":[{"embeddable":true,"href":"https:\/\/a3qenerg.com\/ro\/wp-json\/wp\/v2\/comments?post=247"}],"version-history":[{"count":24,"href":"https:\/\/a3qenerg.com\/ro\/wp-json\/wp\/v2\/pages\/247\/revisions"}],"predecessor-version":[{"id":543,"href":"https:\/\/a3qenerg.com\/ro\/wp-json\/wp\/v2\/pages\/247\/revisions\/543"}],"wp:attachment":[{"href":"https:\/\/a3qenerg.com\/ro\/wp-json\/wp\/v2\/media?parent=247"}],"curies":[{"name":"wp","href":"https:\/\/api.w.org\/{rel}","templated":true}]}}