{"id":247,"date":"2024-06-25T16:44:26","date_gmt":"2024-06-25T16:44:26","guid":{"rendered":"https:\/\/a3qenerg.com\/services\/"},"modified":"2025-03-06T13:32:23","modified_gmt":"2025-03-06T13:32:23","slug":"services","status":"publish","type":"page","link":"https:\/\/a3qenerg.com\/hu\/services\/","title":{"rendered":"Szolg\u00e1ltat\u00e1sok"},"content":{"rendered":"<div data-elementor-type=\"wp-page\" data-elementor-id=\"247\" class=\"elementor elementor-247\">\n\t\t\t\t<div class=\"elementor-element elementor-element-e94f533 e-flex e-con-boxed e-con e-parent\" data-id=\"e94f533\" data-element_type=\"container\" data-settings=\"{&quot;background_background&quot;:&quot;classic&quot;}\">\n\t\t\t\t\t<div class=\"e-con-inner\">\n\t\t<div class=\"elementor-element elementor-element-dba8ee2 e-con-full e-flex e-con e-child\" data-id=\"dba8ee2\" data-element_type=\"container\">\n\t\t\t\t<div class=\"elementor-element elementor-element-2d53483 elementor-widget-mobile__width-inherit elementor-widget elementor-widget-heading\" data-id=\"2d53483\" data-element_type=\"widget\" data-widget_type=\"heading.default\">\n\t\t\t\t<div class=\"elementor-widget-container\">\n\t\t\t<style>\/*! elementor - v3.22.0 - 24-06-2024 *\/\n.elementor-heading-title{padding:0;margin:0;line-height:1}.elementor-widget-heading .elementor-heading-title[class*=elementor-size-]>a{color:inherit;font-size:inherit;line-height:inherit}.elementor-widget-heading .elementor-heading-title.elementor-size-small{font-size:15px}.elementor-widget-heading .elementor-heading-title.elementor-size-medium{font-size:19px}.elementor-widget-heading .elementor-heading-title.elementor-size-large{font-size:29px}.elementor-widget-heading .elementor-heading-title.elementor-size-xl{font-size:39px}.elementor-widget-heading .elementor-heading-title.elementor-size-xxl{font-size:59px}<\/style><h1 class=\"elementor-heading-title elementor-size-default\">Szolg\u00e1ltat\u00e1saink<\/h1>\t\t<\/div>\n\t\t\t\t<\/div>\n\t\t\t\t<\/div>\n\t\t<div class=\"elementor-element elementor-element-a4a764a e-con-full e-flex e-con e-child\" data-id=\"a4a764a\" data-element_type=\"container\">\n\t\t\t\t<div class=\"elementor-element elementor-element-2ada834 elementor-widget elementor-widget-image\" data-id=\"2ada834\" data-element_type=\"widget\" data-widget_type=\"image.default\">\n\t\t\t\t<div class=\"elementor-widget-container\">\n\t\t\t<style>\/*! elementor - v3.22.0 - 24-06-2024 *\/\n.elementor-widget-image{text-align:center}.elementor-widget-image a{display:inline-block}.elementor-widget-image a img[src$=\".svg\"]{width:48px}.elementor-widget-image img{vertical-align:middle;display:inline-block}<\/style>\t\t\t\t\t\t\t\t\t\t<img fetchpriority=\"high\" decoding=\"async\" width=\"768\" height=\"512\" src=\"https:\/\/a3qenerg.com\/wp-content\/uploads\/2025\/03\/pexels-photo-7793691-7793691-768x512.jpg\" class=\"attachment-medium_large size-medium_large wp-image-537\" alt=\"pexels-photo-7793691-7793691.jpg\" srcset=\"https:\/\/a3qenerg.com\/wp-content\/uploads\/2025\/03\/pexels-photo-7793691-7793691-768x512.jpg 768w, https:\/\/a3qenerg.com\/wp-content\/uploads\/2025\/03\/pexels-photo-7793691-7793691-300x200.jpg 300w, https:\/\/a3qenerg.com\/wp-content\/uploads\/2025\/03\/pexels-photo-7793691-7793691-1024x682.jpg 1024w, https:\/\/a3qenerg.com\/wp-content\/uploads\/2025\/03\/pexels-photo-7793691-7793691-18x12.jpg 18w, https:\/\/a3qenerg.com\/wp-content\/uploads\/2025\/03\/pexels-photo-7793691-7793691.jpg 1280w\" sizes=\"(max-width: 768px) 100vw, 768px\" \/>\t\t\t\t\t\t\t\t\t\t\t\t\t<\/div>\n\t\t\t\t<\/div>\n\t\t\t\t<\/div>\n\t\t\t\t\t<\/div>\n\t\t\t\t<\/div>\n\t\t<div class=\"elementor-element elementor-element-52b525b e-flex e-con-boxed e-con e-parent\" data-id=\"52b525b\" data-element_type=\"container\" data-settings=\"{&quot;background_background&quot;:&quot;classic&quot;}\">\n\t\t\t\t\t<div class=\"e-con-inner\">\n\t\t<div class=\"elementor-element elementor-element-1ad8614 e-con-full e-flex e-con e-child\" data-id=\"1ad8614\" data-element_type=\"container\">\n\t\t\t\t<div class=\"elementor-element elementor-element-52c78a3 elementor-widget-mobile__width-inherit elementor-widget elementor-widget-heading\" data-id=\"52c78a3\" data-element_type=\"widget\" data-widget_type=\"heading.default\">\n\t\t\t\t<div class=\"elementor-widget-container\">\n\t\t\t<h2 class=\"elementor-heading-title elementor-size-default\">Hogyan seg\u00edthet\u00fcnk \u00d6nnek?<\/h2>\t\t<\/div>\n\t\t\t\t<\/div>\n\t\t<div class=\"elementor-element elementor-element-01e7b49 e-flex e-con-boxed e-con e-child\" data-id=\"01e7b49\" data-element_type=\"container\">\n\t\t\t\t\t<div class=\"e-con-inner\">\n\t\t<div class=\"elementor-element elementor-element-dfbcbd1 e-con-full e-flex e-con e-child\" data-id=\"dfbcbd1\" data-element_type=\"container\">\n\t\t\t\t<div class=\"elementor-element elementor-element-bf5884c elementor-widget elementor-widget-heading\" data-id=\"bf5884c\" data-element_type=\"widget\" data-widget_type=\"heading.default\">\n\t\t\t\t<div class=\"elementor-widget-container\">\n\t\t\t<h4 class=\"elementor-heading-title elementor-size-default\">K\u00e9sz\u00edts\u00fcnk \u00fatitervet\n<div><br><\/div><\/h4>\t\t<\/div>\n\t\t\t\t<\/div>\n\t\t\t\t<\/div>\n\t\t<div class=\"elementor-element elementor-element-0c8230d e-con-full e-flex e-con e-child\" data-id=\"0c8230d\" data-element_type=\"container\">\n\t\t\t\t<div class=\"elementor-element elementor-element-51f9cdc elementor-widget elementor-widget-text-editor\" data-id=\"51f9cdc\" data-element_type=\"widget\" data-widget_type=\"text-editor.default\">\n\t\t\t\t<div class=\"elementor-widget-container\">\n\t\t\t<style>\/*! elementor - v3.22.0 - 24-06-2024 *\/\n.elementor-widget-text-editor.elementor-drop-cap-view-stacked .elementor-drop-cap{background-color:#69727d;color:#fff}.elementor-widget-text-editor.elementor-drop-cap-view-framed .elementor-drop-cap{color:#69727d;border:3px solid;background-color:transparent}.elementor-widget-text-editor:not(.elementor-drop-cap-view-default) .elementor-drop-cap{margin-top:8px}.elementor-widget-text-editor:not(.elementor-drop-cap-view-default) .elementor-drop-cap-letter{width:1em;height:1em}.elementor-widget-text-editor .elementor-drop-cap{float:left;text-align:center;line-height:1;font-size:50px}.elementor-widget-text-editor .elementor-drop-cap-letter{display:inline-block}<\/style>\t\t\t\t<div class=\"elementor-element elementor-element-848ee3b elementor-widget__width-initial elementor-widget-tablet__width-initial elementor-widget-mobile__width-inherit elementor-vertical-align-top elementor-widget elementor-widget-image-box\" data-id=\"848ee3b\" data-element_type=\"widget\" data-widget_type=\"image-box.default\"><div class=\"elementor-widget-container\"><div class=\"elementor-image-box-wrapper\"><div class=\"elementor-image-box-content\"><p class=\"elementor-image-box-description\">A program v\u00e9gigvezeti \u00d6nt egy \u00fatiterv l\u00e9trehoz\u00e1s\u00e1nak folyamat\u00e1n, amely a v\u00edzi\u00f3j\u00e1n \u00e9s a k\u00fcldet\u00e9snyilatkozat\u00e1n alapul, a c\u00e9lok \u00e9s a k\u00f6z\u00e9p- \u00e9s hossz\u00fa t\u00e1v\u00fa m\u00e9rf\u00f6ldk\u00f6vek tiszt\u00e1z\u00e1sa fel\u00e9.Az \"\u00fatiterv\" kifejez\u00e9st haszn\u00e1ljuk, hogy megk\u00fcl\u00f6nb\u00f6ztess\u00fck a szok\u00e1sos \"strat\u00e9gi\u00e1t\u00f3l\" annak \u00e9rdek\u00e9ben, hogy pontosabban le\u00edrjuk ennek a term\u00e9knek a megval\u00f3s\u00edt\u00e1s\u00e1t.A gyakorlat egy sor m\u00e9lyinterj\u00faval kezd\u0151dik, hogy meg\u00e9rts\u00fck a v\u00e1llalat jelenlegi \u00e9s a k\u00edv\u00e1nt \u00e1llapot\u00e1t, valamint a f\u0151 hi\u00e1nyoss\u00e1gokat \u00e9s akad\u00e1lyokat. Teljes \u00e9s \u00e1tfog\u00f3 \u00fctemtervet k\u00e9sz\u00edt\u00fcnk az elk\u00f6vetkez\u0151 \u00e9vekre, legal\u00e1bb h\u00e1rom k\u00fcl\u00f6nb\u00f6z\u0151 forgat\u00f3k\u00f6nyv szerint.<\/p><\/div><\/div><\/div><\/div>\t\t\t\t\t\t<\/div>\n\t\t\t\t<\/div>\n\t\t\t\t<\/div>\n\t\t\t\t\t<\/div>\n\t\t\t\t<\/div>\n\t\t<div class=\"elementor-element elementor-element-4f7fde2 e-flex e-con-boxed e-con e-child\" data-id=\"4f7fde2\" data-element_type=\"container\">\n\t\t\t\t\t<div class=\"e-con-inner\">\n\t\t<div class=\"elementor-element elementor-element-6790e6f e-con-full e-flex e-con e-child\" data-id=\"6790e6f\" data-element_type=\"container\">\n\t\t\t\t<div class=\"elementor-element elementor-element-f8c4a9a elementor-widget elementor-widget-heading\" data-id=\"f8c4a9a\" data-element_type=\"widget\" data-widget_type=\"heading.default\">\n\t\t\t\t<div class=\"elementor-widget-container\">\n\t\t\t<h4 class=\"elementor-heading-title elementor-size-default\">Mentor\u00e1l\u00e1s<\/h4>\t\t<\/div>\n\t\t\t\t<\/div>\n\t\t\t\t<\/div>\n\t\t<div class=\"elementor-element elementor-element-025b1b3 e-con-full e-flex e-con e-child\" data-id=\"025b1b3\" data-element_type=\"container\">\n\t\t\t\t<div class=\"elementor-element elementor-element-768a871 elementor-widget elementor-widget-text-editor\" data-id=\"768a871\" data-element_type=\"widget\" data-widget_type=\"text-editor.default\">\n\t\t\t\t<div class=\"elementor-widget-container\">\n\t\t\t\t\t\t\t<div class=\"elementor-element elementor-element-c03d5d2 elementor-widget__width-initial elementor-widget-tablet__width-initial elementor-widget-mobile__width-inherit elementor-vertical-align-top elementor-widget elementor-widget-image-box\" data-id=\"c03d5d2\" data-element_type=\"widget\" data-widget_type=\"image-box.default\"><div class=\"elementor-widget-container\"><div class=\"elementor-image-box-wrapper\"><div class=\"elementor-image-box-content\"><p class=\"elementor-image-box-description\">A mentor\u00e1l\u00e1si folyamat ,els\u0151sorban p\u00e1lyakezd\u0151knek sz\u00f3l, hogy meger\u0151s\u00edts\u00e9k karrier\u00fatjukat \u00e9s tud\u00e1sukat az egyes ter\u00fcleteken ,az \u00e1ltal\u00e1nos menedzsmentben, m\u00e1sodsorban   tapasztalt k\u00f6z\u00e9p- \u00e9s fels\u0151vezet\u0151knek, akik lehet\u0151s\u00e9get l\u00e1tnak k\u00e9szs\u00e9geik \u00e9s kompetenci\u00e1ik fejleszt\u00e9s\u00e9re.<\/p><p>A folyamat \"alapja\" a k\u00f6z\u00f6s megegyez\u00e9s az alkalmazand\u00f3 szab\u00e1lyokr\u00f3l, az \u00fcl\u00e9sek sebess\u00e9g\u00e9r\u0151l \u00e9s gyakoris\u00e1g\u00e1r\u00f3l, \u00e9s f\u0151k\u00e9nt az el\u00e9rend\u0151 c\u00e9lr\u00f3l.<\/p><p>A folyamat nem tarthat t\u00f6bb mint 3 h\u00f3napig \u00e9s kevesebb mint 6 h\u00e9tig.<\/p><\/div><\/div><\/div><\/div>\t\t\t\t\t\t<\/div>\n\t\t\t\t<\/div>\n\t\t\t\t<\/div>\n\t\t\t\t\t<\/div>\n\t\t\t\t<\/div>\n\t\t<div class=\"elementor-element elementor-element-5ef7b05 e-flex e-con-boxed e-con e-child\" data-id=\"5ef7b05\" data-element_type=\"container\">\n\t\t\t\t\t<div class=\"e-con-inner\">\n\t\t<div class=\"elementor-element elementor-element-51cd12f e-con-full e-flex e-con e-child\" data-id=\"51cd12f\" data-element_type=\"container\">\n\t\t\t\t<div class=\"elementor-element elementor-element-bc282b6 elementor-widget elementor-widget-heading\" data-id=\"bc282b6\" data-element_type=\"widget\" data-widget_type=\"heading.default\">\n\t\t\t\t<div class=\"elementor-widget-container\">\n\t\t\t<h4 class=\"elementor-heading-title elementor-size-default\">Vezet\u00e9s a cs\u00facson\n<\/h4>\t\t<\/div>\n\t\t\t\t<\/div>\n\t\t\t\t<\/div>\n\t\t<div class=\"elementor-element elementor-element-0de867c e-con-full e-flex e-con e-child\" data-id=\"0de867c\" data-element_type=\"container\">\n\t\t\t\t<div class=\"elementor-element elementor-element-26e5ef2 elementor-widget elementor-widget-text-editor\" data-id=\"26e5ef2\" data-element_type=\"widget\" data-widget_type=\"text-editor.default\">\n\t\t\t\t<div class=\"elementor-widget-container\">\n\t\t\t\t\t\t\t<div class=\"elementor-element elementor-element-2d00711 e-flex e-con-boxed e-con e-child\" data-id=\"2d00711\" data-element_type=\"container\"><div class=\"e-con-inner\"><div class=\"elementor-element elementor-element-3924d4f elementor-widget__width-initial elementor-widget-tablet__width-initial elementor-widget-mobile__width-inherit elementor-vertical-align-top elementor-widget elementor-widget-image-box\" data-id=\"3924d4f\" data-element_type=\"widget\" data-widget_type=\"image-box.default\"><div class=\"elementor-widget-container\"><div class=\"elementor-image-box-wrapper\"><div class=\"elementor-image-box-content\"><p class=\"elementor-image-box-description\">A k\u00f6z\u00e9p- \u00e9s fels\u0151vezet\u0151knek sz\u00f3l\u00f3 program, amely \u00faj vezet\u00e9si eszk\u00f6z\u00f6ket \u00e9s technik\u00e1kat k\u00edn\u00e1l a teljes\u00edtm\u00e9ny\u00fck \u00e9s hangulatuk jav\u00edt\u00e1sa \u00e9rdek\u00e9ben.<\/p><p>A folyamat azzal kezd\u0151dik, hogy a r\u00e9sztvev\u0151k m\u00e9lyrehat\u00f3an megvizsg\u00e1lj\u00e1k az ev\u00e9s \u00e9s a haszn\u00e1lt vezet\u0151i st\u00edlusokat \u00e9s eszk\u00f6z\u00f6ket.Minden egyes r\u00e9sztvev\u0151 sz\u00e1m\u00e1ra szem\u00e9lyre szabott eszk\u00f6z- \u00e9s technikak\u00e9szletet dolgozunk ki.<\/p><p>Ig\u00e9ny eset\u00e9n a megval\u00f3s\u00edt\u00e1si f\u00e1zis t\u00e1mogat\u00e1s\u00e1t is biztos\u00edtjuk !<\/p><\/div><\/div><\/div><\/div><\/div><\/div>\t\t\t\t\t\t<\/div>\n\t\t\t\t<\/div>\n\t\t\t\t<\/div>\n\t\t\t\t\t<\/div>\n\t\t\t\t<\/div>\n\t\t<div class=\"elementor-element elementor-element-47602b4 e-con-full e-flex e-con e-child\" data-id=\"47602b4\" data-element_type=\"container\">\n\t\t<div class=\"elementor-element elementor-element-7c09c2a e-con-full e-flex e-con e-child\" data-id=\"7c09c2a\" data-element_type=\"container\">\n\t\t\t\t<div class=\"elementor-element elementor-element-45b8a8f elementor-widget elementor-widget-heading\" data-id=\"45b8a8f\" data-element_type=\"widget\" data-widget_type=\"heading.default\">\n\t\t\t\t<div class=\"elementor-widget-container\">\n\t\t\t<h4 class=\"elementor-heading-title elementor-size-default\">T\u00f6bb gener\u00e1ci\u00f3 egy c\u00e9gben.\n<\/h4>\t\t<\/div>\n\t\t\t\t<\/div>\n\t\t\t\t<\/div>\n\t\t<div class=\"elementor-element elementor-element-7420949 e-con-full e-flex e-con e-child\" data-id=\"7420949\" data-element_type=\"container\">\n\t\t\t\t<div class=\"elementor-element elementor-element-8b42257 elementor-widget elementor-widget-text-editor\" data-id=\"8b42257\" data-element_type=\"widget\" data-widget_type=\"text-editor.default\">\n\t\t\t\t<div class=\"elementor-widget-container\">\n\t\t\t\t\t\t\t<div class=\"elementor-element elementor-element-e307b20 elementor-widget__width-initial elementor-widget-tablet__width-initial elementor-widget-mobile__width-inherit elementor-vertical-align-top elementor-widget elementor-widget-image-box\" data-id=\"e307b20\" data-element_type=\"widget\" data-widget_type=\"image-box.default\"><div class=\"elementor-widget-container\"><div class=\"elementor-image-box-wrapper\"><div class=\"elementor-image-box-content\"><p class=\"elementor-image-box-description\">Napjainkban az \u00faj m\u00e9dia\/technol\u00f3giai gener\u00e1ci\u00f3k m\u00e1r akt\u00edvak a munkaer\u0151piacon. Ez\u00e9rt egy v\u00e1llalaton bel\u00fcl a vezet\u00e9snek gyakran 3-4 k\u00fcl\u00f6nb\u00f6z\u0151 gener\u00e1ci\u00f3val kell foglalkoznia, amelyeket jelent\u0151s kultur\u00e1lis \u00e9s viselked\u00e9si k\u00fcl\u00f6nbs\u00e9gek jellemeznek.<\/p><p>Ig\u00e9ny eset\u00e9n a megval\u00f3s\u00edt\u00e1si f\u00e1zist is t\u00e1mogatjuk!<\/p><\/div><\/div><\/div><\/div><div class=\"elementor-element elementor-element-1b59eaf elementor-widget__width-initial elementor-widget-tablet__width-initial elementor-widget-mobile__width-inherit elementor-vertical-align-top elementor-widget elementor-widget-image-box\" data-id=\"1b59eaf\" data-element_type=\"widget\" data-widget_type=\"image-box.default\"><div class=\"elementor-widget-container\"><div class=\"elementor-image-box-wrapper\"><div class=\"elementor-image-box-content\">\u00a0<\/div><\/div><\/div><\/div>\t\t\t\t\t\t<\/div>\n\t\t\t\t<\/div>\n\t\t\t\t<\/div>\n\t\t\t\t<\/div>\n\t\t<div class=\"elementor-element elementor-element-3a866cf e-con-full e-flex e-con e-child\" data-id=\"3a866cf\" data-element_type=\"container\">\n\t\t<div class=\"elementor-element elementor-element-3326b9c e-con-full e-flex e-con e-child\" data-id=\"3326b9c\" data-element_type=\"container\">\n\t\t\t\t<div class=\"elementor-element elementor-element-4acd9e8 elementor-widget elementor-widget-heading\" data-id=\"4acd9e8\" data-element_type=\"widget\" data-widget_type=\"heading.default\">\n\t\t\t\t<div class=\"elementor-widget-container\">\n\t\t\t<h4 class=\"elementor-heading-title elementor-size-default\">Vezet\u0151k a biztons\u00e1g\u00e9rt\n<\/h4>\t\t<\/div>\n\t\t\t\t<\/div>\n\t\t\t\t<\/div>\n\t\t<div class=\"elementor-element elementor-element-4504f07 e-con-full e-flex e-con e-child\" data-id=\"4504f07\" data-element_type=\"container\">\n\t\t\t\t<div class=\"elementor-element elementor-element-8957d10 elementor-widget elementor-widget-text-editor\" data-id=\"8957d10\" data-element_type=\"widget\" data-widget_type=\"text-editor.default\">\n\t\t\t\t<div class=\"elementor-widget-container\">\n\t\t\t\t\t\t\t<div class=\"elementor-element elementor-element-1b59eaf elementor-widget__width-initial elementor-widget-tablet__width-initial elementor-widget-mobile__width-inherit elementor-vertical-align-top elementor-widget elementor-widget-image-box\" data-id=\"1b59eaf\" data-element_type=\"widget\" data-widget_type=\"image-box.default\"><div class=\"elementor-widget-container\"><div class=\"elementor-image-box-wrapper\"><div class=\"elementor-image-box-content\"><p class=\"elementor-image-box-description\">Az urbaniz\u00e1ci\u00f3 \u00faj glob\u00e1lis trendjei \u00e9s a digit\u00e1lis vil\u00e1g ir\u00e1nti legf\u0151bb figyelem a szakmai k\u00e9szs\u00e9gek cs\u00f6kken\u00e9s\u00e9hez vezet azokban a szakm\u00e1kban, ahol a k\u00e9zi eszk\u00f6z\u00f6k kezel\u00e9s\u00e9hez magas szint\u0171 k\u00e9szs\u00e9gekre van sz\u00fcks\u00e9g, ahol a robotok vagy m\u00e1s digit\u00e1lis megold\u00e1sok nem k\u00e9pesek kiel\u00e9g\u00edteni a szakma ig\u00e9nyeit.A s\u00falyos balesetek sz\u00e1ma egyre n\u0151 ezekben az ipar\u00e1gakban, ami kih\u00edv\u00e1st jelent a fels\u0151- \u00e9s k\u00f6z\u00e9pvezet\u00e9s sz\u00e1m\u00e1ra!Ez a program t\u00e1mogat\u00e1st ny\u00fajt az operat\u00edv, k\u00f6z\u00e9p- \u00e9s fels\u0151vezet\u00e9s sz\u00e1m\u00e1ra a munkav\u00e9delmi k\u00e9rd\u00e9sekben.<\/p><p>A program sor\u00e1n \u00e1tfog\u00f3 \u00e9rt\u00e9kel\u00e9st k\u00e9sz\u00edt\u00fcnk a program \u00e1ltal megc\u00e9lzott v\u00e1llalat vagy\/\u00e9s csapatok sz\u00e1m\u00e1ra a HSE szempontj\u00e1b\u00f3l, valamint egy sor olyan vezet\u0151i k\u00e9szs\u00e9get \u00e9s eszk\u00f6zt, amelyekre ezen az \u00faton sz\u00fcks\u00e9g van.<\/p><\/div><\/div><\/div><\/div><div class=\"elementor-element elementor-element-926828d elementor-widget__width-initial elementor-widget-tablet__width-initial elementor-widget-mobile__width-inherit elementor-vertical-align-top elementor-widget elementor-widget-image-box\" data-id=\"926828d\" data-element_type=\"widget\" data-widget_type=\"image-box.default\"><div class=\"elementor-widget-container\"><div class=\"elementor-image-box-wrapper\"><div class=\"elementor-image-box-content\">\u00a0<\/div><\/div><\/div><\/div>\t\t\t\t\t\t<\/div>\n\t\t\t\t<\/div>\n\t\t\t\t<\/div>\n\t\t\t\t<\/div>\n\t\t<div class=\"elementor-element elementor-element-85321b0 e-con-full e-flex e-con e-child\" data-id=\"85321b0\" data-element_type=\"container\">\n\t\t<div class=\"elementor-element elementor-element-26e5cb4 e-con-full e-flex e-con e-child\" data-id=\"26e5cb4\" data-element_type=\"container\">\n\t\t\t\t<div class=\"elementor-element elementor-element-970e2c6 elementor-widget elementor-widget-heading\" data-id=\"970e2c6\" data-element_type=\"widget\" data-widget_type=\"heading.default\">\n\t\t\t\t<div class=\"elementor-widget-container\">\n\t\t\t<h4 class=\"elementor-heading-title elementor-size-default\">K\u00f6rnyezeti, t\u00e1rsadalom \u00e9s ir\u00e1ny\u00edt\u00e1s.\n<\/h4>\t\t<\/div>\n\t\t\t\t<\/div>\n\t\t\t\t<\/div>\n\t\t<div class=\"elementor-element elementor-element-010adb6 e-con-full e-flex e-con e-child\" data-id=\"010adb6\" data-element_type=\"container\">\n\t\t\t\t<div class=\"elementor-element elementor-element-c14c6ca elementor-widget elementor-widget-text-editor\" data-id=\"c14c6ca\" data-element_type=\"widget\" data-widget_type=\"text-editor.default\">\n\t\t\t\t<div class=\"elementor-widget-container\">\n\t\t\t\t\t\t\t<div class=\"elementor-element elementor-element-86a2029 e-con-full e-flex e-con e-child\" data-id=\"86a2029\" data-element_type=\"container\"><div class=\"elementor-element elementor-element-926828d elementor-widget__width-initial elementor-widget-tablet__width-initial elementor-widget-mobile__width-inherit elementor-vertical-align-top elementor-widget elementor-widget-image-box\" data-id=\"926828d\" data-element_type=\"widget\" data-widget_type=\"image-box.default\"><div class=\"elementor-widget-container\"><div class=\"elementor-image-box-wrapper\"><div class=\"elementor-image-box-content\"><p class=\"elementor-image-box-description\">Nemcsak az Eur\u00f3pai Uni\u00f3 \u00e1ltal k\u00f6zz\u00e9tett jogi k\u00f6vetelm\u00e9nyek miatt, hanem a kl\u00edmav\u00e1ltoz\u00e1s kezel\u00e9s\u00e9nek ig\u00e9nyei is k\u00fcl\u00f6n\u00f6s hangs\u00falyt fektetnek a fenntarthat\u00f3s\u00e1gra minden ipar\u00e1gban \u00e9s v\u00e1llalkoz\u00e1sban.A program eredm\u00e9nye egy ESG strat\u00e9gia, amely t\u00e1mogatja a v\u00e1llalat k\u00fcl\u00f6nb\u00f6z\u0151 egys\u00e9gein\u00e9l\/szintjein\u00e9l t\u00f6rt\u00e9n\u0151 v\u00e9grehajt\u00e1st.Emellett egy m\u00e9r\u00e9si eszk\u00f6zk\u00e9szletet is biztos\u00edtunk annak \u00e9rdek\u00e9ben, hogy k\u00f6nnyebben nyomon k\u00f6vethet\u0151 legyen a k\u00fcl\u00f6nb\u00f6z\u0151 m\u00e9r\u0151sz\u00e1mok alakul\u00e1sa, amelyek le\u00edrj\u00e1k a v\u00e1llalat helyzet\u00e9t ezen a speci\u00e1lis ter\u00fcleten.<\/p><\/div><\/div><\/div><\/div><\/div><div class=\"elementor-element elementor-element-d468945 elementor-align-left elementor-widget elementor-widget-button\" data-id=\"d468945\" data-element_type=\"widget\" data-widget_type=\"button.default\"><div class=\"elementor-widget-container\"><div class=\"elementor-button-wrapper\">\u00a0<\/div><\/div><\/div>\t\t\t\t\t\t<\/div>\n\t\t\t\t<\/div>\n\t\t\t\t<\/div>\n\t\t\t\t<\/div>\n\t\t\t\t<\/div>\n\t\t\t\t\t<\/div>\n\t\t\t\t<\/div>\n\t\t<div class=\"elementor-element elementor-element-32d3f64 e-flex e-con-boxed e-con e-child\" data-id=\"32d3f64\" data-element_type=\"container\" data-settings=\"{&quot;background_background&quot;:&quot;classic&quot;}\">\n\t\t\t\t\t<div class=\"e-con-inner\">\n\t\t\t\t<div class=\"elementor-element elementor-element-6786032 elementor-widget elementor-widget-heading\" data-id=\"6786032\" data-element_type=\"widget\" data-widget_type=\"heading.default\">\n\t\t\t\t<div class=\"elementor-widget-container\">\n\t\t\t<h2 class=\"elementor-heading-title elementor-size-default\">Gy\u0151zd le az akad\u00e1lyokat. K\u00e9rjen \u00fczleti coachingot, m\u00e9g ma!<\/h2>\t\t<\/div>\n\t\t\t\t<\/div>\n\t\t\t\t\t<\/div>\n\t\t\t\t<\/div>\n\t\t\t\t<\/div>","protected":false},"excerpt":{"rendered":"<p>Our Services How can we help you? Heading for a roadmap The program is leading you trough a process of creating a roadmap, based on your vision and mission statements ,towards a clarity in goals and milestones on mid- and longterm.We are using the expression &#8220;roadmap&#8221; to differentiate from the usual &#8220;strategy&#8221; in order to [&hellip;]<\/p>","protected":false},"author":2,"featured_media":0,"parent":0,"menu_order":0,"comment_status":"closed","ping_status":"closed","template":"","meta":{"site-sidebar-layout":"no-sidebar","site-content-layout":"page-builder","ast-site-content-layout":"","site-content-style":"default","site-sidebar-style":"default","ast-global-header-display":"","ast-banner-title-visibility":"","ast-main-header-display":"","ast-hfb-above-header-display":"","ast-hfb-below-header-display":"","ast-hfb-mobile-header-display":"","site-post-title":"disabled","ast-breadcrumbs-content":"","ast-featured-img":"disabled","footer-sml-layout":"","theme-transparent-header-meta":"","adv-header-id-meta":"","stick-header-meta":"","header-above-stick-meta":"","header-main-stick-meta":"","header-below-stick-meta":"","astra-migrate-meta-layouts":"default","ast-page-background-enabled":"default","ast-page-background-meta":{"desktop":{"background-color":"","background-image":"","background-repeat":"repeat","background-position":"center center","background-size":"auto","background-attachment":"scroll","background-type":"","background-media":"","overlay-type":"","overlay-color":"","overlay-opacity":"","overlay-gradient":""},"tablet":{"background-color":"","background-image":"","background-repeat":"repeat","background-position":"center center","background-size":"auto","background-attachment":"scroll","background-type":"","background-media":"","overlay-type":"","overlay-color":"","overlay-opacity":"","overlay-gradient":""},"mobile":{"background-color":"","background-image":"","background-repeat":"repeat","background-position":"center center","background-size":"auto","background-attachment":"scroll","background-type":"","background-media":"","overlay-type":"","overlay-color":"","overlay-opacity":"","overlay-gradient":""}},"ast-content-background-meta":{"desktop":{"background-color":"var(--ast-global-color-5)","background-image":"","background-repeat":"repeat","background-position":"center center","background-size":"auto","background-attachment":"scroll","background-type":"","background-media":"","overlay-type":"","overlay-color":"","overlay-opacity":"","overlay-gradient":""},"tablet":{"background-color":"var(--ast-global-color-5)","background-image":"","background-repeat":"repeat","background-position":"center center","background-size":"auto","background-attachment":"scroll","background-type":"","background-media":"","overlay-type":"","overlay-color":"","overlay-opacity":"","overlay-gradient":""},"mobile":{"background-color":"var(--ast-global-color-5)","background-image":"","background-repeat":"repeat","background-position":"center center","background-size":"auto","background-attachment":"scroll","background-type":"","background-media":"","overlay-type":"","overlay-color":"","overlay-opacity":"","overlay-gradient":""}},"footnotes":""},"_links":{"self":[{"href":"https:\/\/a3qenerg.com\/hu\/wp-json\/wp\/v2\/pages\/247"}],"collection":[{"href":"https:\/\/a3qenerg.com\/hu\/wp-json\/wp\/v2\/pages"}],"about":[{"href":"https:\/\/a3qenerg.com\/hu\/wp-json\/wp\/v2\/types\/page"}],"author":[{"embeddable":true,"href":"https:\/\/a3qenerg.com\/hu\/wp-json\/wp\/v2\/users\/2"}],"replies":[{"embeddable":true,"href":"https:\/\/a3qenerg.com\/hu\/wp-json\/wp\/v2\/comments?post=247"}],"version-history":[{"count":24,"href":"https:\/\/a3qenerg.com\/hu\/wp-json\/wp\/v2\/pages\/247\/revisions"}],"predecessor-version":[{"id":543,"href":"https:\/\/a3qenerg.com\/hu\/wp-json\/wp\/v2\/pages\/247\/revisions\/543"}],"wp:attachment":[{"href":"https:\/\/a3qenerg.com\/hu\/wp-json\/wp\/v2\/media?parent=247"}],"curies":[{"name":"wp","href":"https:\/\/api.w.org\/{rel}","templated":true}]}}